{"id":159,"date":"2020-08-24T10:52:07","date_gmt":"2020-08-24T10:52:07","guid":{"rendered":"https:\/\/kleintierpraxis-wedel.de\/index.php\/leistungen-2-2\/"},"modified":"2020-08-31T13:26:07","modified_gmt":"2020-08-31T13:26:07","slug":"leistungen-2-2","status":"publish","type":"page","link":"https:\/\/kleintierpraxis-wedel.de\/index.php\/leistungen-2-2\/","title":{"rendered":"Leistungen"},"content":{"rendered":"\n<p>Wir behandeln in unserer Praxis Kleintiere wie Hunde, Katzen, Nager, Hasenartige und V\u00f6gel.<br>Amphibien und Reptilien \u00fcberweisen wir zu einer Spezialistin in der N\u00e4he.<\/p>\n\n\n\n<p><strong>Unser Leistungsspektrum:<\/strong><\/p>\n\n\n\n<ul><li>Digitales R\u00f6ntgen<\/li><li>Ultraschall<\/li><li>Elektrocardiogramm (EKG)<\/li><li>Mikrobiologisches Labor \/ Mikroskopie<\/li><li>Operationen mit moderner Inhalationsnarkose und Monitoring sowie anschlie\u00dfender \u00dcberwachung auf unserer Tierstation<\/li><li>Station\u00e4re Unterbringung kranker Tiere<\/li><li>Zahnsteinentfernung mit Ultraschall<\/li><li>Gesundheitsvorsorgeprogramm<\/li><li>Alternativmedizin (wenn therapeutisch sinnvoll)<\/li><li>Welpenberatung, auch vor dem Kauf<\/li><li>Z\u00fcchterservice<\/li><li>Bestimmung des optimalen Decktermins, Tr\u00e4chtigkeitsuntersuchung, Geburts\u00fcberwachung, Ern\u00e4hrungsberatung f\u00fcr Muttertier und Welpen vor und nach der Geburt<\/li><li>F\u00fctterungs- und Di\u00e4tenberatung<\/li><li>Scheren von Hunden und Katzen. &#8222;Problemf\u00e4(e)lle&#8220; werden unter fachkundiger Narkose geschoren<\/li><li>Magnetfeldtherapie<\/li><li>Video-Otoskopie<\/li><\/ul>\n\n\n\n<p>Sollten unsere diagnostischen M\u00f6glichkeiten einmal ersch\u00f6pft sein, arbeiten wir mit namhaften Spezialisten in der N\u00e4he zusammen. Unser Ziel ist es, dass Ihr Tier immer optimal versorgt wird.<\/p>\n\n\n\n<p><strong>Notdienst:<\/strong><br>Wir bem\u00fchen uns, stets telefonisch f\u00fcr Sie erreichbar zu sein.<\/p>\n\n\n\n<p>Au\u00dferhalb der Sprechstunde erfahren Sie \u00fcber den Anrufbeantworter eine Notdienstnummer. Sollten Sie hier keinen Anschluss bekommen, wenden Sie sich bitte an die Tierklinik in Quickborn, hier gibt es einen 24 Std. &#8211; Notdienst.<\/p>\n\n\n\n<p>Meine Praxisnummer lautet: 0 41 03 &#8211; 18 10 5<br>Die Nummer der Tierklinik Quickborn lautet: 0 41 06 &#8211; 22 64<\/p>\n","protected":false},"excerpt":{"rendered":"<p>Wir behandeln in unserer Praxis Kleintiere wie Hunde, Katzen, Nager, Hasenartige und V\u00f6gel.Amphibien und Reptilien \u00fcberweisen wir zu einer Spezialistin in der N\u00e4he. Unser Leistungsspektrum: Digitales R\u00f6ntgen Ultraschall Elektrocardiogramm (EKG) Mikrobiologisches Labor \/ Mikroskopie Operationen mit moderner Inhalationsnarkose und Monitoring sowie anschlie\u00dfender \u00dcberwachung auf unserer Tierstation Station\u00e4re Unterbringung kranker Tiere Zahnsteinentfernung mit Ultraschall Gesundheitsvorsorgeprogramm Alternativmedizin [&hellip;]<\/p>\n","protected":false},"author":1,"featured_media":0,"parent":0,"menu_order":2,"comment_status":"closed","ping_status":"closed","template":"","meta":[],"_links":{"self":[{"href":"https:\/\/kleintierpraxis-wedel.de\/index.php\/wp-json\/wp\/v2\/pages\/159"}],"collection":[{"href":"https:\/\/kleintierpraxis-wedel.de\/index.php\/wp-json\/wp\/v2\/pages"}],"about":[{"href":"https:\/\/kleintierpraxis-wedel.de\/index.php\/wp-json\/wp\/v2\/types\/page"}],"author":[{"embeddable":true,"href":"https:\/\/kleintierpraxis-wedel.de\/index.php\/wp-json\/wp\/v2\/users\/1"}],"replies":[{"embeddable":true,"href":"https:\/\/kleintierpraxis-wedel.de\/index.php\/wp-json\/wp\/v2\/comments?post=159"}],"version-history":[{"count":3,"href":"https:\/\/kleintierpraxis-wedel.de\/index.php\/wp-json\/wp\/v2\/pages\/159\/revisions"}],"predecessor-version":[{"id":189,"href":"https:\/\/kleintierpraxis-wedel.de\/index.php\/wp-json\/wp\/v2\/pages\/159\/revisions\/189"}],"wp:attachment":[{"href":"https:\/\/kleintierpraxis-wedel.de\/index.php\/wp-json\/wp\/v2\/media?parent=159"}],"curies":[{"name":"wp","href":"https:\/\/api.w.org\/{rel}","templated":true}]}}