{"id":160,"date":"2020-08-24T10:52:08","date_gmt":"2020-08-24T10:52:08","guid":{"rendered":"https:\/\/kleintierpraxis-wedel.de\/index.php\/unser-team-2\/"},"modified":"2022-07-14T11:50:34","modified_gmt":"2022-07-14T11:50:34","slug":"unser-team-2","status":"publish","type":"page","link":"https:\/\/kleintierpraxis-wedel.de\/index.php\/unser-team-2\/","title":{"rendered":"Unser Team"},"content":{"rendered":"\n<h4><strong>Susanne Schweitzer<\/strong><\/h4>\n\n\n\n<figure class=\"wp-block-image size-full is-resized\"><img loading=\"lazy\" src=\"https:\/\/kleintierpraxis-wedel.de\/wp-content\/uploads\/2022\/07\/schweizer.png\" alt=\"\" class=\"wp-image-226\" width=\"238\" height=\"245\" srcset=\"https:\/\/kleintierpraxis-wedel.de\/wp-content\/uploads\/2022\/07\/schweizer.png 600w, https:\/\/kleintierpraxis-wedel.de\/wp-content\/uploads\/2022\/07\/schweizer-291x300.png 291w\" sizes=\"(max-width: 238px) 100vw, 238px\" \/><\/figure>\n\n\n\n<p>Ich bin praktische Tier\u00e4rztin und habe vor meinem Studium in Hannover den Beruf der Tierarzthelferin erlernt und auch einige Jahre in diesem Beruf in einer gro\u00dfen, chirurgisch orientierten Klinik in der L\u00fcneburger Heide gearbeitet.<\/p>\n\n\n\n<p>Nach meinem Studium arbeitete ich in einer Kleintierpraxis in der N\u00e4he von Kiel als Assistenz\u00e4rztin. W\u00e4hrend meiner Assistentenzeit hatte ich auch die M\u00f6glichkeit einige Zeit in der Schweiz zu arbeiten und konnte dort wertvolle Erfahrungen vor allem auf dem Gebiet der Chirurgie sammeln.<\/p>\n\n\n\n<p>Seit dem Sommer 2000 betreibe ich jetzt schon meine eigene Kleintierpraxis in Wedel.<\/p>\n\n\n\n<blockquote class=\"wp-block-quote\"><p>&#8222;Es war schon immer mein gr\u00f6\u00dfter Wunsch, Tier\u00e4rztin zu werden! Ich freue mich immer noch dar\u00fcber, dass ich dies verwirklichen konnte. Auch meine Freizeit verbringe ich mit Tieren- mit meinen beiden Labrador-H\u00fcndinnen Phoebe und Carolin- am liebsten sind wir alle im Wasser!&#8220;<\/p><\/blockquote>\n\n\n\n<hr class=\"wp-block-separator has-css-opacity\"\/>\n\n\n\n<h4><strong><br>Sandra Krebs<\/strong><\/h4>\n\n\n\n<figure class=\"wp-block-image size-large\"><img loading=\"lazy\" width=\"240\" height=\"240\" src=\"https:\/\/kleintierpraxis-wedel.de\/wp-content\/uploads\/2020\/08\/1-1.png\" alt=\"Sandra Krebs\" class=\"wp-image-27\"\/><\/figure>\n\n\n\n<p>Sie ist tiermedizinische Fachangestellte und hat damit ihre Leidenschaft zum Beruf gemacht.<\/p>\n\n\n\n<p>Frau Krebs arbeitet bereits seit mehr als 10 Jahren in meiner Praxis und ist hier mit ihrem ausgeglichenen und freundlichen Wesen f\u00fcr Sie der erste Ansprechpartner bei allen Sorgen rund ums Tier.<\/p>\n\n\n\n<p>Ein gro\u00dfes Herz hat sie f\u00fcr \u201ebesondere\u201c Tiere, eine ein\u00e4ugige Katzendame aus dem Tierheim hat bei ihr ein zu Hause gefunden.<\/p>\n\n\n\n<p>In ihrer Freizeit widmet sie sich voll und ganz ihren beiden Kindern.<\/p>\n\n\n\n<hr class=\"wp-block-separator has-css-opacity\"\/>\n\n\n\n<h4><strong>Bente Andresen<\/strong><\/h4>\n\n\n\n<figure class=\"wp-block-image size-large\"><img src=\"https:\/\/kleintierpraxis-wedel.de\/wp-content\/uploads\/2020\/08\/5-1.png\" alt=\"\" class=\"wp-image-64\"\/><\/figure>\n\n\n\n<p>Sie hat in meiner Praxis ihre Ausbildung zur tiermedizinischen Fachangestellten absolviert und beendet im Jahr 2021 ihr Studium der Veterin\u00e4rmedizin. Wir freuen uns, dass sie uns immer noch, wenn es ihre Zeit erlaubt, unterst\u00fctzt &#8211; wann immer eine Vertretung in unserer Praxis ben\u00f6tigt wird.<\/p>\n\n\n\n<p>Frau Andresen ist in ihrer Freizeit vielseitig interessiert, unter anderem engagiert sie sich bei der Freiwilligen Feuerwehr Wedel.<\/p>\n\n\n\n<hr class=\"wp-block-separator has-css-opacity\"\/>\n\n\n\n<h4><strong>Kim von Preyss<\/strong><\/h4>\n\n\n\n<figure class=\"wp-block-image size-large\"><img src=\"https:\/\/kleintierpraxis-wedel.de\/wp-content\/uploads\/2020\/08\/3-1.png\" alt=\"\" class=\"wp-image-33\"\/><\/figure>\n\n\n\n<p>Auch sie hat in meiner Praxis die Ausbildung zur tiermedizinischen Fachangestellten absolviert und stand mir einige Jahre als Helferin zur Seite. Heute l\u00f6st sie haarige Probleme bei Hund und Katze. Sollten Sie einen im Handling schwierigen Patienten mit Fellproblemen haben, der vielleicht nicht ohne Narkose gepflegt werden kann, arbeiten wir beide in der Praxis eng zusammen und erm\u00f6glichen so auch die Fellpflege bei diesen Tieren.<\/p>\n\n\n\n<p>Frau von Preyss ist ebenfalls Mutter von 2 Kindern und verbringt ihre Freizeit gern auf dem Pferder\u00fccken.<\/p>\n\n\n\n<hr class=\"wp-block-separator has-css-opacity\"\/>\n\n\n\n<h4><strong>Unsere 4-beinigen Praxishelferinnen<\/strong><\/h4>\n\n\n\n<figure class=\"wp-container-2 wp-block-gallery-1 wp-block-gallery has-nested-images columns-default is-cropped\">\n<figure class=\"wp-block-image size-large\"><img data-id=\"48\"  src=\"https:\/\/kleintierpraxis-wedel.de\/wp-content\/uploads\/2020\/08\/P1020476-1024x768-1.jpg\" alt=\"\" class=\"wp-image-48\"\/><\/figure>\n\n\n\n<figure class=\"wp-block-image size-large\"><img data-id=\"47\"  src=\"https:\/\/kleintierpraxis-wedel.de\/wp-content\/uploads\/2020\/08\/IMG_5132-1-1024x768-1.jpg\" alt=\"\" class=\"wp-image-47\"\/><\/figure>\n\n\n\n<figure class=\"wp-block-image size-large\"><img data-id=\"46\"  src=\"https:\/\/kleintierpraxis-wedel.de\/wp-content\/uploads\/2020\/08\/IMG_1391-1024x768-1.jpg\" alt=\"\" class=\"wp-image-46\"\/><\/figure>\n\n\n\n<figure class=\"wp-block-image size-large\"><img data-id=\"49\"  src=\"https:\/\/kleintierpraxis-wedel.de\/wp-content\/uploads\/2020\/08\/P1020481-1024x768-1.jpg\" alt=\"Vierbeinige Helfer\" class=\"wp-image-49\"\/><\/figure>\n<\/figure>\n\n\n\n<p>Unsere beiden tierischen Helferinnen &#8211; stets freundlich und aufgeschlossen unterst\u00fctzen sie gegen eine kleine Belohnung auch einmal \u00e4ngstliche Artgenossen. Dies sind meine Labbis Carolin und Phoebe\u2026.<\/p>\n","protected":false},"excerpt":{"rendered":"<p>Susanne Schweitzer Ich bin praktische Tier\u00e4rztin und habe vor meinem Studium in Hannover den Beruf der Tierarzthelferin erlernt und auch einige Jahre in diesem Beruf in einer gro\u00dfen, chirurgisch orientierten Klinik in der L\u00fcneburger Heide gearbeitet. Nach meinem Studium arbeitete ich in einer Kleintierpraxis in der N\u00e4he von Kiel als Assistenz\u00e4rztin. W\u00e4hrend meiner Assistentenzeit hatte [&hellip;]<\/p>\n","protected":false},"author":1,"featured_media":0,"parent":0,"menu_order":3,"comment_status":"closed","ping_status":"closed","template":"","meta":[],"_links":{"self":[{"href":"https:\/\/kleintierpraxis-wedel.de\/index.php\/wp-json\/wp\/v2\/pages\/160"}],"collection":[{"href":"https:\/\/kleintierpraxis-wedel.de\/index.php\/wp-json\/wp\/v2\/pages"}],"about":[{"href":"https:\/\/kleintierpraxis-wedel.de\/index.php\/wp-json\/wp\/v2\/types\/page"}],"author":[{"embeddable":true,"href":"https:\/\/kleintierpraxis-wedel.de\/index.php\/wp-json\/wp\/v2\/users\/1"}],"replies":[{"embeddable":true,"href":"https:\/\/kleintierpraxis-wedel.de\/index.php\/wp-json\/wp\/v2\/comments?post=160"}],"version-history":[{"count":3,"href":"https:\/\/kleintierpraxis-wedel.de\/index.php\/wp-json\/wp\/v2\/pages\/160\/revisions"}],"predecessor-version":[{"id":227,"href":"https:\/\/kleintierpraxis-wedel.de\/index.php\/wp-json\/wp\/v2\/pages\/160\/revisions\/227"}],"wp:attachment":[{"href":"https:\/\/kleintierpraxis-wedel.de\/index.php\/wp-json\/wp\/v2\/media?parent=160"}],"curies":[{"name":"wp","href":"https:\/\/api.w.org\/{rel}","templated":true}]}}