{"id":161,"date":"2020-08-24T10:52:09","date_gmt":"2020-08-24T10:52:09","guid":{"rendered":"https:\/\/kleintierpraxis-wedel.de\/index.php\/futterverkauf-2\/"},"modified":"2020-08-24T10:52:19","modified_gmt":"2020-08-24T10:52:19","slug":"futterverkauf-2","status":"publish","type":"page","link":"https:\/\/kleintierpraxis-wedel.de\/index.php\/futterverkauf-2\/","title":{"rendered":"Futterverkauf"},"content":{"rendered":"\n<p><em>Hills Pet Nutrition<\/em><br>Wir bieten Ihnen ein komplettes Angebot an Tierfutter der Firma Hills.<\/p>\n\n\n\n<p>Bei uns erhalten Sie modernste, ausgewogene Ern\u00e4hrung f\u00fcr alle Lebensabschnitte. Falls angezeigt, steht auch eine gro\u00dfe Palette an Spezialdi\u00e4ten zur Verf\u00fcgung.<br>Gerne beraten wir Sie \u00fcber die gesunde Ern\u00e4hrung Ihres Tieres und offerieren Ihnen Futtermuster zum Ausprobieren.<\/p>\n\n\n\n<p><strong>Warum lohnt sich der Futterkauf beim Tierarzt?<\/strong><br>Der Tierarzt kennt seine vierbeinigen (nat\u00fcrlich auch seine zweibeinigen!) Kunden pers\u00f6nlich, zum Teil schon ein ganzes Hunde- oder Katzenleben lang. Er f\u00fchrt von jedem Tier eine genaue Krankengeschichte und kann daher in jeder Hinsicht \u201ema\u00dfgeschneidert\u201c beraten. Sie erhalten bei uns eine kostenlose Futtermittelberatung mit Berechnung der richtigen Futtermenge.<\/p>\n\n\n\n<p>Die Futtermittelpreise sind \u2013 entgegen der g\u00e4ngigen Meinung \u2013 beim Tierarzt nicht h\u00f6her als im Fachgesch\u00e4ft. Haben Sie schon einmal Ihre t\u00e4glichen Ausgaben f\u00fcr Hunde- und Katzenfutter berechnet? Fragen Sie uns nach den t\u00e4glichen Kosten des qualitativ hochwertigen Futters von Hills Pet Nutrition., das genau auf die Bed\u00fcrfnisse Ihres Tieres abgestimmt ist.<\/p>\n\n\n\n<p><strong>Wir empfehlen Trockenfutter<\/strong><\/p>\n\n\n\n<ul><li>es ist \u00f6konomischer als Dosenfutter (S\u00e4cke sind einfacher zu entsorgen als Dosen)<\/li><li>es ist 3-5mal preisg\u00fcnstiger als Dosenfutter<\/li><li>es ist leichter zu tragen als Dosenfutter<\/li><li>es reinigt das Gebiss Ihres Vierbeiners besser als Dosenfutter<\/li><\/ul>\n\n\n\n<p>Weitere Informationen \u00fcber Hill\u2019s finden Sie unter <a href=\"https:\/\/www.hillspet.de\" target=\"_blank\" rel=\"noreferrer noopener\">https:\/\/www.hillspet.de<\/a><\/p>\n","protected":false},"excerpt":{"rendered":"<p>Hills Pet NutritionWir bieten Ihnen ein komplettes Angebot an Tierfutter der Firma Hills. Bei uns erhalten Sie modernste, ausgewogene Ern\u00e4hrung f\u00fcr alle Lebensabschnitte. Falls angezeigt, steht auch eine gro\u00dfe Palette an Spezialdi\u00e4ten zur Verf\u00fcgung.Gerne beraten wir Sie \u00fcber die gesunde Ern\u00e4hrung Ihres Tieres und offerieren Ihnen Futtermuster zum Ausprobieren. Warum lohnt sich der Futterkauf beim [&hellip;]<\/p>\n","protected":false},"author":1,"featured_media":0,"parent":0,"menu_order":4,"comment_status":"closed","ping_status":"closed","template":"","meta":[],"_links":{"self":[{"href":"https:\/\/kleintierpraxis-wedel.de\/index.php\/wp-json\/wp\/v2\/pages\/161"}],"collection":[{"href":"https:\/\/kleintierpraxis-wedel.de\/index.php\/wp-json\/wp\/v2\/pages"}],"about":[{"href":"https:\/\/kleintierpraxis-wedel.de\/index.php\/wp-json\/wp\/v2\/types\/page"}],"author":[{"embeddable":true,"href":"https:\/\/kleintierpraxis-wedel.de\/index.php\/wp-json\/wp\/v2\/users\/1"}],"replies":[{"embeddable":true,"href":"https:\/\/kleintierpraxis-wedel.de\/index.php\/wp-json\/wp\/v2\/comments?post=161"}],"version-history":[{"count":1,"href":"https:\/\/kleintierpraxis-wedel.de\/index.php\/wp-json\/wp\/v2\/pages\/161\/revisions"}],"predecessor-version":[{"id":169,"href":"https:\/\/kleintierpraxis-wedel.de\/index.php\/wp-json\/wp\/v2\/pages\/161\/revisions\/169"}],"wp:attachment":[{"href":"https:\/\/kleintierpraxis-wedel.de\/index.php\/wp-json\/wp\/v2\/media?parent=161"}],"curies":[{"name":"wp","href":"https:\/\/api.w.org\/{rel}","templated":true}]}}