{"id":2,"date":"2020-07-30T08:48:24","date_gmt":"2020-07-30T08:48:24","guid":{"rendered":"https:\/\/kleintierpraxis-wedel.de\/wordpress\/?page_id=2"},"modified":"2020-09-02T07:45:38","modified_gmt":"2020-09-02T07:45:38","slug":"sample-page","status":"publish","type":"page","link":"https:\/\/kleintierpraxis-wedel.de\/","title":{"rendered":"Willkommen in der Kleintierpraxis &#8222;Am Marktplatz&#8220; in Wedel!"},"content":{"rendered":"\n<p>Sie finden uns direkt an der B431 gegen\u00fcber der Rolandstatue kurz vor dem Ortsausgang Richtung Holm. Die Praxis ist t\u00e4glich f\u00fcr Sie ge\u00f6ffnet, auch am Samstag. <a href=\"https:\/\/kleintierpraxis-wedel.de\/index.php\/kontakt\/\">Unsere \u00d6ffnungszeiten.<\/a><\/p>\n\n\n\n<p><strong>Wir sind an Ihrer Seite, von Anfang an<\/strong> <strong>&#8230;<\/strong><\/p>\n\n\n\n<blockquote class=\"wp-block-quote\"><p>Bereits vor der Anschaffung eines Haustieres beraten wir Sie gern<br>-wer oder was passt zu Ihnen und Ihrer Familie?<\/p><\/blockquote>\n\n\n\n<p><strong>&#8230; wenn es Ihrem Tier nicht gut geht<\/strong><\/p>\n\n\n\n<p>Egal, ob es sich dabei um gesundheitliche Probleme handelt oder um Fragen aus den Themenfeldern Ern\u00e4hrung, Erziehung und Verhalten. Wir helfen Ihnen gerne!<\/p>\n\n\n\n<blockquote class=\"wp-block-quote\"><p>Als besonderen Service, nur f\u00fcr unsere Patienten, bieten wir Ihnen in Einzelf\u00e4llen auch einen Hausbesuch an &#8211; wenn es zeitlich m\u00f6glich und in Ihrem speziellen Fall sinnvoll ist. Denn: Bei einem Hausbesuch sind die M\u00f6glichkeiten der Diagnose-Stellung und Behandlung meist sehr eingeschr\u00e4nkt.<\/p><\/blockquote>\n\n\n\n<p>Auch Futter liefern wir in besonderen F\u00e4llen einmal zu Ihnen nach Hause oder geben Ihnen einen Zugangscode f\u00fcr eine Onlinebestellung, die dann auch frei Haus geliefert wird.<\/p>\n\n\n\n<p><strong>Wir m\u00f6chten, dass Sie und Ihr Haustier sich bei uns wohlf\u00fchlen und freuen uns auf Ihren Besuch!<\/strong><\/p>\n\n\n\n<p><\/p>\n","protected":false},"excerpt":{"rendered":"<p>Sie finden uns direkt an der B431 gegen\u00fcber der Rolandstatue kurz vor dem Ortsausgang Richtung Holm. Die Praxis ist t\u00e4glich f\u00fcr Sie ge\u00f6ffnet, auch am Samstag. Unsere \u00d6ffnungszeiten. Wir sind an Ihrer Seite, von Anfang an &#8230; Bereits vor der Anschaffung eines Haustieres beraten wir Sie gern-wer oder was passt zu Ihnen und Ihrer Familie? [&hellip;]<\/p>\n","protected":false},"author":1,"featured_media":0,"parent":0,"menu_order":0,"comment_status":"closed","ping_status":"closed","template":"","meta":[],"_links":{"self":[{"href":"https:\/\/kleintierpraxis-wedel.de\/index.php\/wp-json\/wp\/v2\/pages\/2"}],"collection":[{"href":"https:\/\/kleintierpraxis-wedel.de\/index.php\/wp-json\/wp\/v2\/pages"}],"about":[{"href":"https:\/\/kleintierpraxis-wedel.de\/index.php\/wp-json\/wp\/v2\/types\/page"}],"author":[{"embeddable":true,"href":"https:\/\/kleintierpraxis-wedel.de\/index.php\/wp-json\/wp\/v2\/users\/1"}],"replies":[{"embeddable":true,"href":"https:\/\/kleintierpraxis-wedel.de\/index.php\/wp-json\/wp\/v2\/comments?post=2"}],"version-history":[{"count":7,"href":"https:\/\/kleintierpraxis-wedel.de\/index.php\/wp-json\/wp\/v2\/pages\/2\/revisions"}],"predecessor-version":[{"id":207,"href":"https:\/\/kleintierpraxis-wedel.de\/index.php\/wp-json\/wp\/v2\/pages\/2\/revisions\/207"}],"wp:attachment":[{"href":"https:\/\/kleintierpraxis-wedel.de\/index.php\/wp-json\/wp\/v2\/media?parent=2"}],"curies":[{"name":"wp","href":"https:\/\/api.w.org\/{rel}","templated":true}]}}